{"id":21,"date":"2020-08-18T16:24:39","date_gmt":"2020-08-18T14:24:39","guid":{"rendered":"https:\/\/www.pfitscherjochhaus.com\/de\/?page_id=21"},"modified":"2025-01-02T18:24:36","modified_gmt":"2025-01-02T17:24:36","slug":"kontakt","status":"publish","type":"page","link":"https:\/\/www.pfitscherjochhaus.com\/de\/kontakt\/","title":{"rendered":"Kontakt"},"content":{"rendered":"<p>{&#8222;main-title&#8220;:{&#8222;component&#8220;:&#8220;hc_title&#8220;,&#8220;id&#8220;:&#8220;main-title&#8220;,&#8220;title&#8220;:&#8220;&#8220;,&#8220;subtitle&#8220;:&#8220;&#8220;,&#8220;title_content&#8220;:{&#8222;component&#8220;:&#8220;hc_title_image&#8220;,&#8220;id&#8220;:&#8220;title-image&#8220;,&#8220;image&#8220;:&#8220;https:\/\/www.pfitscherjochhaus.com\/de\/wp-content\/uploads\/sites\/2\/2020\/08\/kontakt_01-1024&#215;576.jpg|1080|1920|263&#8243;,&#8220;full_screen&#8220;:false,&#8220;full_screen_height&#8220;:&#8220;&#8220;,&#8220;parallax&#8220;:true,&#8220;bleed&#8220;:&#8220;&#8220;,&#8220;ken_burn&#8220;:&#8220;ken-burn-center&#8220;,&#8220;breadcrumbs&#8220;:false,&#8220;light&#8220;:true,&#8220;alignment&#8220;:&#8220;align-center&#8220;}},&#8220;section_5ZtkF&#8220;:{&#8222;component&#8220;:&#8220;hc_section&#8220;,&#8220;id&#8220;:&#8220;section_5ZtkF&#8220;,&#8220;section_width&#8220;:&#8220;&#8220;,&#8220;animation&#8220;:&#8220;&#8220;,&#8220;animation_time&#8220;:&#8220;&#8220;,&#8220;timeline_animation&#8220;:&#8220;&#8220;,&#8220;timeline_delay&#8220;:&#8220;&#8220;,&#8220;timeline_order&#8220;:&#8220;&#8220;,&#8220;vertical_row&#8220;:&#8220;&#8220;,&#8220;css_classes&#8220;:&#8220;&#8220;,&#8220;custom_css_classes&#8220;:&#8220;&#8220;,&#8220;custom_css_styles&#8220;:&#8220;&#8220;,&#8220;section_content&#8220;:[{&#8222;component&#8220;:&#8220;hc_column&#8220;,&#8220;id&#8220;:&#8220;column_9VK5r&#8220;,&#8220;column_width&#8220;:&#8220;col-md-12&#8243;,&#8220;animation&#8220;:&#8220;&#8220;,&#8220;animation_time&#8220;:&#8220;&#8220;,&#8220;timeline_animation&#8220;:&#8220;&#8220;,&#8220;timeline_delay&#8220;:&#8220;&#8220;,&#8220;timeline_order&#8220;:&#8220;&#8220;,&#8220;css_classes&#8220;:&#8220;&#8220;,&#8220;custom_css_classes&#8220;:&#8220;&#8220;,&#8220;custom_css_styles&#8220;:&#8220;&#8220;,&#8220;main_content&#8220;:[{&#8222;component&#8220;:&#8220;hc_text_block&#8220;,&#8220;id&#8220;:&#8220;Y6FJ1&#8243;,&#8220;css_classes&#8220;:&#8220;&#8220;,&#8220;custom_css_classes&#8220;:&#8220;&#8220;,&#8220;custom_css_styles&#8220;:&#8220;&#8220;,&#8220;content&#8220;:&#8220;<div\r\n\tdata-service=\"googlemaps\"\r\n\tdata-id=\"!1m18!1m12!1m3!1d21771.590164786736!2d11.639586299299122!3d46.992160630204204!2m3!1f0!2f0!3f0!3m2!1i1024!2i768!4f13.1!3m3!1m2!1s0x4777fcdd718b8e0d%3A0x562bb5e40251c096!2sPfitscherjoch%20Haus!5e0!3m2!1sde!2sde!4v1699893920856!5m2!1sde!2sde\"\r\n\tdata-autoscale\r\n><\/div>&#8222;},{&#8222;component&#8220;:&#8220;hc_space&#8220;,&#8220;id&#8220;:&#8220;vWMzV&#8220;,&#8220;css_classes&#8220;:&#8220;&#8220;,&#8220;custom_css_classes&#8220;:&#8220;&#8220;,&#8220;custom_css_styles&#8220;:&#8220;&#8220;,&#8220;size&#8220;:&#8220;space&#8220;,&#8220;height&#8220;:&#8220;&#8220;}]},{&#8222;component&#8220;:&#8220;hc_column&#8220;,&#8220;id&#8220;:&#8220;column_LfQC0&#8243;,&#8220;column_width&#8220;:&#8220;col-md-8&#8243;,&#8220;animation&#8220;:&#8220;&#8220;,&#8220;animation_time&#8220;:&#8220;&#8220;,&#8220;timeline_animation&#8220;:&#8220;&#8220;,&#8220;timeline_delay&#8220;:&#8220;&#8220;,&#8220;timeline_order&#8220;:&#8220;&#8220;,&#8220;css_classes&#8220;:&#8220;&#8220;,&#8220;custom_css_classes&#8220;:&#8220;&#8220;,&#8220;custom_css_styles&#8220;:&#8220;&#8220;,&#8220;main_content&#8220;:[{&#8222;component&#8220;:&#8220;hc_subtitle&#8220;,&#8220;id&#8220;:&#8220;tESem&#8220;,&#8220;css_classes&#8220;:&#8220;&#8220;,&#8220;custom_css_classes&#8220;:&#8220;&#8220;,&#8220;custom_css_styles&#8220;:&#8220;&#8220;,&#8220;title&#8220;:&#8220;\u00dcbernachtungs&shy;anfrage und Zimmer&shy;reservierung&#8220;,&#8220;subtitle&#8220;:&#8220;Schreiben Sie uns&#8220;,&#8220;alignment&#8220;:&#8220;&#8220;},{&#8222;component&#8220;:&#8220;hc_wp_editor&#8220;,&#8220;id&#8220;:&#8220;9SpyF&#8220;,&#8220;css_classes&#8220;:&#8220;&#8220;,&#8220;custom_css_classes&#8220;:&#8220;&#8220;,&#8220;custom_css_styles&#8220;:&#8220;&#8220;,&#8220;editor_content&#8220;:&#8220;<form name=\"Kontakt\" method=\"post\" action=\"https:\/\/webform.safog.com\/tools\/mailto_new.php?id=00094e6c4ecc&lang=de\" id=\"\" class=\"\">\n<div class=\"row\">\n<div class=\"col-lg-6\">\n<p>Name (Pflichtfeld)<\/p>\n<p>    \n<span class=\"sf-c-name\"><input class=\"input-text\" type=\"text\" id=\"Name\" name=\"Name\" value=\"\" size=\"40\" aria-required=\"true\" aria-invalid=\"false\" placeholder=\"Name (Pflichtfeld) *\" \/><\/span>\n<\/p><\/div>\n<div class=\"col-lg-6\"><\/div>\n<div class=\"col-lg-6\">\n<p>E-Mail-Adresse (Pflichtfeld)<\/p>\n<p><span class=\"sf-c-email\"><input class=\"input-text\" type=\"text\" id=\"eMail\" name=\"eMail\" value=\"\" size=\"40\" aria-required=\"true\" aria-invalid=\"false\" \/><\/span><\/p>\n<\/div>\n<div class=\"col-lg-6\">\n<p>E-Mail-Adresse best\u00e4tigen (Pflichtfeld)<\/p>\n<p><span class=\"sf-c-email\"><input class=\"input-text\" type=\"text\" id=\"eMailConfirm\" name=\"eMailConfirm\" value=\"\" size=\"40\" aria-required=\"true\" aria-invalid=\"false\" \/><\/span><\/p>\n<\/div>\n<div class=\"col-lg-12\">\n<p>Nachricht<\/p>\n<p><span class=\"sf-c-msg\"><textarea class=\"input-textarea\" name=\"Anfrage\" id=\"Anfrage\" name=\"Anfrage\" rows=\"10\" cols=\"40\" aria-invalid=\"false\"><\/textarea><\/span> <\/p><\/div>\n\n<div class=\"col-lg-12\">\n<div class=\"contact-form-privacy\">\n<p><input class=\"Checkbox\" id=\"Privacy\" name=\"Privacy\" type=\"checkbox\" \/>\n<label for=\"Privacy\"> Ja, ich habe die <a href=\"https:\/\/www.safog.com\/privacy\/privacy.php?id=000904830462&lang=de\" onclick=\"ShowWindow( this.href, 'https:\/\/www.safog.com\/privacy\/privacy.php?id=000904830462&lang=de', 'width=550, height=600, scrollbars=yes' ); return false\">Datenschutzbestimmungen.<\/a> gelesen, erkl\u00e4re mich damit einverstanden und genehmige die \u00dcbermittlung der von mir gelieferten Daten.<\/label><\/p>\n<\/div>\n<\/div>\n\n<div class=\"col-lg-12\">\n<div class=\"contact-form-recap\">\n    <div class=\"g-recaptcha fs-mb-40\" data-sitekey=\"6LcDY8IZAAAAACBnPzQfjprEYZjXJE_Eu58rh6FS\" data-callback=\"RecaptchaCallback\"><\/div>\n    <input id=\"rce\" name=\"rce\" required tabindex='-1' style=\"width:50px; height:0; opacity:0; pointer-events:none; position:absolute; bottom:0;\">\n<\/div>\n\n<\/div>\n\n<div class=\"col-lg-12\">\n<input type=\"hidden\" id=\"m\" name=\"m\" value=\"req\" \/>\n<input type=\"hidden\" id=\"s\" name=\"s\" value=\"de\" \/>\n\n<div class=\"contact-form-submit\">\n<p><input type=\"submit\" value=\"Senden\" class=\"sf-c-submit btn btn-sm\" \/><\/p>\n<\/div>\n<\/div>\n\n\n<\/div>\n<\/form>\n&#8222;}]},{&#8222;component&#8220;:&#8220;hc_column&#8220;,&#8220;id&#8220;:&#8220;column_p4a6z&#8220;,&#8220;column_width&#8220;:&#8220;col-md-4&#8243;,&#8220;animation&#8220;:&#8220;&#8220;,&#8220;animation_time&#8220;:&#8220;&#8220;,&#8220;timeline_animation&#8220;:&#8220;&#8220;,&#8220;timeline_delay&#8220;:&#8220;&#8220;,&#8220;timeline_order&#8220;:&#8220;&#8220;,&#8220;css_classes&#8220;:&#8220;&#8220;,&#8220;custom_css_classes&#8220;:&#8220;&#8220;,&#8220;custom_css_styles&#8220;:&#8220;&#8220;,&#8220;main_content&#8220;:[{&#8222;component&#8220;:&#8220;hc_subtitle&#8220;,&#8220;id&#8220;:&#8220;MlBIw&#8220;,&#8220;css_classes&#8220;:&#8220;&#8220;,&#8220;custom_css_classes&#8220;:&#8220;&#8220;,&#8220;custom_css_styles&#8220;:&#8220;&#8220;,&#8220;title&#8220;:&#8220;KONTAKTE&#8220;,&#8220;subtitle&#8220;:&#8220;Information&#8220;,&#8220;alignment&#8220;:&#8220;&#8220;},{&#8222;component&#8220;:&#8220;hc_text_list&#8220;,&#8220;id&#8220;:&#8220;d7gqh&#8220;,&#8220;css_classes&#8220;:&#8220;&#8220;,&#8220;custom_css_classes&#8220;:&#8220;&#8220;,&#8220;custom_css_styles&#8220;:&#8220;&#8220;,&#8220;rows&#8220;:[{&#8222;component&#8220;:&#8220;repeater_item&#8220;,&#8220;id&#8220;:&#8220;fn5wn&#8220;,&#8220;image_link&#8220;:&#8220;&#8220;,&#8220;title&#8220;:&#8220;Addresse&#8220;,&#8220;subtitle&#8220;:&#8220;St. Jakob 103, I-39049 Pfitsch,<br \/>S\u00fcdtirol-Italien &#8222;,&#8220;extra&#8220;:&#8220;&#8220;},{&#8222;component&#8220;:&#8220;repeater_item&#8220;,&#8220;id&#8220;:&#8220;ZkPgB&#8220;,&#8220;image_link&#8220;:&#8220;&#8220;,&#8220;title&#8220;:&#8220;Web&#8220;,&#8220;subtitle&#8220;:&#8220;<a href=\\\"https:\/\/www.pfitscherjochhaus.com\\\">www.pfitscherjochhaus.com<\/a>&#8222;,&#8220;extra&#8220;:&#8220;&#8220;},{&#8222;component&#8220;:&#8220;repeater_item&#8220;,&#8220;id&#8220;:&#8220;BRyWK&#8220;,&#8220;image_link&#8220;:&#8220;&#8220;,&#8220;title&#8220;:&#8220;E-Mail&#8220;,&#8220;subtitle&#8220;:&#8220;<a href=\\\"&#x6d;a&#x69;&#108;&#x74;&#111;&#x3a;&#x6f;f&#x66;&#105;&#x63;&#101;&#x40;&#112;f&#x69;&#116;&#x73;&#99;&#x68;&#101;r&#x6a;&#111;&#x63;&#104;&#x68;&#97;u&#x73;&#46;&#x63;&#111;&#x6d;\\\">office&#64;&#112;&#102;&#105;&#116;&#115;&#99;&#x68;&#x65;&#x72;&#x6a;&#x6f;&#x63;&#x68;&#x68;&#x61;&#x75;&#x73;&#x2e;com<\/a>&#8222;,&#8220;extra&#8220;:&#8220;&#8220;},{&#8222;component&#8220;:&#8220;repeater_item&#8220;,&#8220;id&#8220;:&#8220;jz7gF&#8220;,&#8220;image_link&#8220;:&#8220;&#8220;,&#8220;title&#8220;:&#8220;Telefon&#8220;,&#8220;subtitle&#8220;:&#8220;<a href=\\\"tel:00390472630119\\\">+39 0472 630119<\/a>&#8222;,&#8220;extra&#8220;:&#8220;&#8220;},{&#8222;component&#8220;:&#8220;repeater_item&#8220;,&#8220;id&#8220;:&#8220;h6zTE&#8220;,&#8220;image_link&#8220;:&#8220;&#8220;,&#8220;title&#8220;:&#8220;Mobil&#8220;,&#8220;subtitle&#8220;:&#8220;<a href=\\\"tel:00393338404587\\\">+39 333 8404587<\/a>&#8222;,&#8220;extra&#8220;:&#8220;&#8220;},{&#8222;component&#8220;:&#8220;repeater_item&#8220;,&#8220;id&#8220;:&#8220;E0YGR&#8220;,&#8220;image_link&#8220;:&#8220;&#8220;,&#8220;title&#8220;:&#8220;CIN&#8220;,&#8220;subtitle&#8220;:&#8220;IT021107A1DWB5D56U&#8220;,&#8220;extra&#8220;:&#8220;&#8220;}],&#8220;type&#8220;:&#8220;line&#8220;}]},{&#8222;component&#8220;:&#8220;hc_column&#8220;,&#8220;id&#8220;:&#8220;column_M3hWJ&#8220;,&#8220;column_width&#8220;:&#8220;col-md-12&#8243;,&#8220;animation&#8220;:&#8220;&#8220;,&#8220;animation_time&#8220;:&#8220;&#8220;,&#8220;timeline_animation&#8220;:&#8220;&#8220;,&#8220;timeline_delay&#8220;:&#8220;&#8220;,&#8220;timeline_order&#8220;:&#8220;&#8220;,&#8220;css_classes&#8220;:&#8220;&#8220;,&#8220;custom_css_classes&#8220;:&#8220;&#8220;,&#8220;custom_css_styles&#8220;:&#8220;&#8220;,&#8220;main_content&#8220;:[{&#8222;component&#8220;:&#8220;hc_space&#8220;,&#8220;id&#8220;:&#8220;c3qjQ&#8220;,&#8220;css_classes&#8220;:&#8220;&#8220;,&#8220;custom_css_classes&#8220;:&#8220;&#8220;,&#8220;custom_css_styles&#8220;:&#8220;&#8220;,&#8220;size&#8220;:&#8220;space&#8220;,&#8220;height&#8220;:&#8220;&#8220;},{&#8222;component&#8220;:&#8220;hc_title_tag&#8220;,&#8220;id&#8220;:&#8220;3FM0T&#8220;,&#8220;css_classes&#8220;:&#8220;&#8220;,&#8220;custom_css_classes&#8220;:&#8220;&#8220;,&#8220;custom_css_styles&#8220;:&#8220;&#8220;,&#8220;text&#8220;:&#8220;\u00d6FFNUNGSZEITEN&#8220;,&#8220;tag&#8220;:&#8220;h2&#8243;},{&#8222;component&#8220;:&#8220;hc_text_block&#8220;,&#8220;id&#8220;:&#8220;hMBGr&#8220;,&#8220;css_classes&#8220;:&#8220;&#8220;,&#8220;custom_css_classes&#8220;:&#8220;&#8220;,&#8220;custom_css_styles&#8220;:&#8220;&#8220;,&#8220;content&#8220;:&#8220;Ge\u00f6ffnet von Juni bis Anfang Oktober\\nT\u00e4glich von 7.00 \u2013 22.00 Uhr &#8222;},{&#8222;component&#8220;:&#8220;hc_space&#8220;,&#8220;id&#8220;:&#8220;XvYvc&#8220;,&#8220;css_classes&#8220;:&#8220;&#8220;,&#8220;custom_css_classes&#8220;:&#8220;&#8220;,&#8220;custom_css_styles&#8220;:&#8220;&#8220;,&#8220;size&#8220;:&#8220;space&#8220;,&#8220;height&#8220;:&#8220;&#8220;},{&#8222;component&#8220;:&#8220;hc_title_tag&#8220;,&#8220;id&#8220;:&#8220;vszSg&#8220;,&#8220;css_classes&#8220;:&#8220;&#8220;,&#8220;custom_css_classes&#8220;:&#8220;&#8220;,&#8220;custom_css_styles&#8220;:&#8220;&#8220;,&#8220;text&#8220;:&#8220;ANFAHRT&#8220;,&#8220;tag&#8220;:&#8220;h2&#8243;},{&#8222;component&#8220;:&#8220;hc_space&#8220;,&#8220;id&#8220;:&#8220;UT7OY&#8220;,&#8220;css_classes&#8220;:&#8220;&#8220;,&#8220;custom_css_classes&#8220;:&#8220;&#8220;,&#8220;custom_css_styles&#8220;:&#8220;&#8220;,&#8220;size&#8220;:&#8220;space-sm&#8220;,&#8220;height&#8220;:&#8220;&#8220;},{&#8222;component&#8220;:&#8220;hc_title_tag&#8220;,&#8220;id&#8220;:&#8220;UkAjq&#8220;,&#8220;css_classes&#8220;:&#8220;&#8220;,&#8220;custom_css_classes&#8220;:&#8220;&#8220;,&#8220;custom_css_styles&#8220;:&#8220;&#8220;,&#8220;text&#8220;:&#8220;Von S\u00fcdtiroler Seite:&#8220;,&#8220;tag&#8220;:&#8220;h3&#8243;},{&#8222;component&#8220;:&#8220;hc_text_block&#8220;,&#8220;id&#8220;:&#8220;RcuDw&#8220;,&#8220;css_classes&#8220;:&#8220;&#8220;,&#8220;custom_css_classes&#8220;:&#8220;&#8220;,&#8220;custom_css_styles&#8220;:&#8220;&#8220;,&#8220;content&#8220;:&#8220;\u00dcber die Brennerautobahn A22 bis zur Autobahnausfahrt Sterzing, von dort ins Pfitschtal bis nach St. Jakob in Pfitsch, weiter nach Stein auf die Pfitscherjochstra\u00dfe (12 km Bergstra\u00dfe \u2013 nicht asphaltiert).\\n\\nAb Stein im Pfitschtal sind wir bequem \u00fcber den Fu\u00dfweg Nr. 3 erreichbar (1,5-2 Stunden) Alternativ erreichen sie uns ab der vierten Kehre der Pfitscherjochstra\u00dfe (gro\u00dfe Parkm\u00f6glichkeit) entweder entlang der Stra\u00dfe oder entlang des Fu\u00dfweges Nr. 3. &#8222;},{&#8222;component&#8220;:&#8220;hc_space&#8220;,&#8220;id&#8220;:&#8220;hgct8&#8243;,&#8220;css_classes&#8220;:&#8220;&#8220;,&#8220;custom_css_classes&#8220;:&#8220;&#8220;,&#8220;custom_css_styles&#8220;:&#8220;&#8220;,&#8220;size&#8220;:&#8220;space-sm&#8220;,&#8220;height&#8220;:&#8220;&#8220;},{&#8222;component&#8220;:&#8220;hc_title_tag&#8220;,&#8220;id&#8220;:&#8220;cU0J7&#8243;,&#8220;css_classes&#8220;:&#8220;&#8220;,&#8220;custom_css_classes&#8220;:&#8220;&#8220;,&#8220;custom_css_styles&#8220;:&#8220;&#8220;,&#8220;text&#8220;:&#8220;Von Nordtiroler Seite:&#8220;,&#8220;tag&#8220;:&#8220;h3&#8243;},{&#8222;component&#8220;:&#8220;hc_text_block&#8220;,&#8220;id&#8220;:&#8220;xIDaV&#8220;,&#8220;css_classes&#8220;:&#8220;&#8220;,&#8220;custom_css_classes&#8220;:&#8220;&#8220;,&#8220;custom_css_styles&#8220;:&#8220;&#8220;,&#8220;content&#8220;:&#8220;\u00dcbers Zillertal bis zum Schlegeisstausee auf rund 1.800m Seeh\u00f6he ab hier dem Fu\u00dfweg Nr. 524 folgend (ca. 4km, 2 Stunden).&#8220;}]}],&#8220;section_settings&#8220;:&#8220;&#8220;},&#8220;scripts&#8220;:{&#8222;parallax&#8220;:&#8220;parallax.min.js&#8220;},&#8220;css&#8220;:{},&#8220;css_page&#8220;:&#8220;&#8220;,&#8220;template_setting&#8220;:{},&#8220;template_setting_top&#8220;:{},&#8220;page_setting&#8220;:{&#8222;settings&#8220;:[&#8222;lock-mode-off&#8220;]}}<\/p>","protected":false},"excerpt":{"rendered":"<p>{&#8222;main-title&#8220;:{&#8222;component&#8220;:&#8220;hc_title&#8220;,&#8220;id&#8220;:&#8220;main-title&#8220;,&#8220;title&#8220;:&#8220;&#8220;,&#8220;subtitle&#8220;:&#8220;&#8220;,&#8220;title_content&#8220;:{&#8222;component&#8220;:&#8220;hc_title_image&#8220;,&#8220;id&#8220;:&#8220;title-image&#8220;,&#8220;image&#8220;:&#8220;https:\/\/www.pfitscherjochhaus.com\/de\/wp-content\/uploads\/sites\/2\/2020\/08\/kontakt_01-1024&#215;576.jpg|1080|1920|263&#8243;,&#8220;full_screen&#8220;:false,&#8220;full_screen_height&#8220;:&#8220;&#8220;,&#8220;parallax&#8220;:true,&#8220;bleed&#8220;:&#8220;&#8220;,&#8220;ken_burn&#8220;:&#8220;ken-burn-center&#8220;,&#8220;breadcrumbs&#8220;:false,&#8220;light&#8220;:true,&#8220;alignment&#8220;:&#8220;align-center&#8220;}},&#8220;section_5ZtkF&#8220;:{&#8222;component&#8220;:&#8220;hc_section&#8220;,&#8220;id&#8220;:&#8220;section_5ZtkF&#8220;,&#8220;section_width&#8220;:&#8220;&#8220;,&#8220;animation&#8220;:&#8220;&#8220;,&#8220;animation_time&#8220;:&#8220;&#8220;,&#8220;timeline_animation&#8220;:&#8220;&#8220;,&#8220;timeline_delay&#8220;:&#8220;&#8220;,&#8220;timeline_order&#8220;:&#8220;&#8220;,&#8220;vertical_row&#8220;:&#8220;&#8220;,&#8220;css_classes&#8220;:&#8220;&#8220;,&#8220;custom_css_classes&#8220;:&#8220;&#8220;,&#8220;custom_css_styles&#8220;:&#8220;&#8220;,&#8220;section_content&#8220;:[{&#8222;component&#8220;:&#8220;hc_column&#8220;,&#8220;id&#8220;:&#8220;column_9VK5r&#8220;,&#8220;column_width&#8220;:&#8220;col-md-12&#8243;,&#8220;animation&#8220;:&#8220;&#8220;,&#8220;animation_time&#8220;:&#8220;&#8220;,&#8220;timeline_animation&#8220;:&#8220;&#8220;,&#8220;timeline_delay&#8220;:&#8220;&#8220;,&#8220;timeline_order&#8220;:&#8220;&#8220;,&#8220;css_classes&#8220;:&#8220;&#8220;,&#8220;custom_css_classes&#8220;:&#8220;&#8220;,&#8220;custom_css_styles&#8220;:&#8220;&#8220;,&#8220;main_content&#8220;:[{&#8222;component&#8220;:&#8220;hc_text_block&#8220;,&#8220;id&#8220;:&#8220;Y6FJ1&#8243;,&#8220;css_classes&#8220;:&#8220;&#8220;,&#8220;custom_css_classes&#8220;:&#8220;&#8220;,&#8220;custom_css_styles&#8220;:&#8220;&#8220;,&#8220;content&#8220;:&#8220;&#8220;},{&#8222;component&#8220;:&#8220;hc_space&#8220;,&#8220;id&#8220;:&#8220;vWMzV&#8220;,&#8220;css_classes&#8220;:&#8220;&#8220;,&#8220;custom_css_classes&#8220;:&#8220;&#8220;,&#8220;custom_css_styles&#8220;:&#8220;&#8220;,&#8220;size&#8220;:&#8220;space&#8220;,&#8220;height&#8220;:&#8220;&#8220;}]},{&#8222;component&#8220;:&#8220;hc_column&#8220;,&#8220;id&#8220;:&#8220;column_LfQC0&#8243;,&#8220;column_width&#8220;:&#8220;col-md-8&#8243;,&#8220;animation&#8220;:&#8220;&#8220;,&#8220;animation_time&#8220;:&#8220;&#8220;,&#8220;timeline_animation&#8220;:&#8220;&#8220;,&#8220;timeline_delay&#8220;:&#8220;&#8220;,&#8220;timeline_order&#8220;:&#8220;&#8220;,&#8220;css_classes&#8220;:&#8220;&#8220;,&#8220;custom_css_classes&#8220;:&#8220;&#8220;,&#8220;custom_css_styles&#8220;:&#8220;&#8220;,&#8220;main_content&#8220;:[{&#8222;component&#8220;:&#8220;hc_subtitle&#8220;,&#8220;id&#8220;:&#8220;tESem&#8220;,&#8220;css_classes&#8220;:&#8220;&#8220;,&#8220;custom_css_classes&#8220;:&#8220;&#8220;,&#8220;custom_css_styles&#8220;:&#8220;&#8220;,&#8220;title&#8220;:&#8220;\u00dcbernachtungs&shy;anfrage und Zimmer&shy;reservierung&#8220;,&#8220;subtitle&#8220;:&#8220;Schreiben Sie uns&#8220;,&#8220;alignment&#8220;:&#8220;&#8220;},{&#8222;component&#8220;:&#8220;hc_wp_editor&#8220;,&#8220;id&#8220;:&#8220;9SpyF&#8220;,&#8220;css_classes&#8220;:&#8220;&#8220;,&#8220;custom_css_classes&#8220;:&#8220;&#8220;,&#8220;custom_css_styles&#8220;:&#8220;&#8220;,&#8220;editor_content&#8220;:&#8220;&#8220;}]},{&#8222;component&#8220;:&#8220;hc_column&#8220;,&#8220;id&#8220;:&#8220;column_p4a6z&#8220;,&#8220;column_width&#8220;:&#8220;col-md-4&#8243;,&#8220;animation&#8220;:&#8220;&#8220;,&#8220;animation_time&#8220;:&#8220;&#8220;,&#8220;timeline_animation&#8220;:&#8220;&#8220;,&#8220;timeline_delay&#8220;:&#8220;&#8220;,&#8220;timeline_order&#8220;:&#8220;&#8220;,&#8220;css_classes&#8220;:&#8220;&#8220;,&#8220;custom_css_classes&#8220;:&#8220;&#8220;,&#8220;custom_css_styles&#8220;:&#8220;&#8220;,&#8220;main_content&#8220;:[{&#8222;component&#8220;:&#8220;hc_subtitle&#8220;,&#8220;id&#8220;:&#8220;MlBIw&#8220;,&#8220;css_classes&#8220;:&#8220;&#8220;,&#8220;custom_css_classes&#8220;:&#8220;&#8220;,&#8220;custom_css_styles&#8220;:&#8220;&#8220;,&#8220;title&#8220;:&#8220;KONTAKTE&#8220;,&#8220;subtitle&#8220;:&#8220;Information&#8220;,&#8220;alignment&#8220;:&#8220;&#8220;},{&#8222;component&#8220;:&#8220;hc_text_list&#8220;,&#8220;id&#8220;:&#8220;d7gqh&#8220;,&#8220;css_classes&#8220;:&#8220;&#8220;,&#8220;custom_css_classes&#8220;:&#8220;&#8220;,&#8220;custom_css_styles&#8220;:&#8220;&#8220;,&#8220;rows&#8220;:[{&#8222;component&#8220;:&#8220;repeater_item&#8220;,&#8220;id&#8220;:&#8220;fn5wn&#8220;,&#8220;image_link&#8220;:&#8220;&#8220;,&#8220;title&#8220;:&#8220;Addresse&#8220;,&#8220;subtitle&#8220;:&#8220;St. Jakob 103, I-39049 Pfitsch,S\u00fcdtirol-Italien &#8222;,&#8220;extra&#8220;:&#8220;&#8220;},{&#8222;component&#8220;:&#8220;repeater_item&#8220;,&#8220;id&#8220;:&#8220;ZkPgB&#8220;,&#8220;image_link&#8220;:&#8220;&#8220;,&#8220;title&#8220;:&#8220;Web&#8220;,&#8220;subtitle&#8220;:&#8220;www.pfitscherjochhaus.com&#8222;,&#8220;extra&#8220;:&#8220;&#8220;},{&#8222;component&#8220;:&#8220;repeater_item&#8220;,&#8220;id&#8220;:&#8220;BRyWK&#8220;,&#8220;image_link&#8220;:&#8220;&#8220;,&#8220;title&#8220;:&#8220;E-Mail&#8220;,&#8220;subtitle&#8220;:&#8220;&#111;f&#x66;i&#x63;e&#x40;&#112;&#x66;&#105;&#x74;&#115;c&#x68;e&#x72;j&#x6f;&#99;&#x68;&#104;&#x61;&#117;&#x73;&#46;c&#x6f;m&#8222;,&#8220;extra&#8220;:&#8220;&#8220;},{&#8222;component&#8220;:&#8220;repeater_item&#8220;,&#8220;id&#8220;:&#8220;jz7gF&#8220;,&#8220;image_link&#8220;:&#8220;&#8220;,&#8220;title&#8220;:&#8220;Telefon&#8220;,&#8220;subtitle&#8220;:&#8220;+39 0472 630119&#8222;,&#8220;extra&#8220;:&#8220;&#8220;},{&#8222;component&#8220;:&#8220;repeater_item&#8220;,&#8220;id&#8220;:&#8220;h6zTE&#8220;,&#8220;image_link&#8220;:&#8220;&#8220;,&#8220;title&#8220;:&#8220;Mobil&#8220;,&#8220;subtitle&#8220;:&#8220;+39 333 8404587&#8222;,&#8220;extra&#8220;:&#8220;&#8220;},{&#8222;component&#8220;:&#8220;repeater_item&#8220;,&#8220;id&#8220;:&#8220;E0YGR&#8220;,&#8220;image_link&#8220;:&#8220;&#8220;,&#8220;title&#8220;:&#8220;CIN&#8220;,&#8220;subtitle&#8220;:&#8220;IT021107A1DWB5D56U&#8220;,&#8220;extra&#8220;:&#8220;&#8220;}],&#8220;type&#8220;:&#8220;line&#8220;}]},{&#8222;component&#8220;:&#8220;hc_column&#8220;,&#8220;id&#8220;:&#8220;column_M3hWJ&#8220;,&#8220;column_width&#8220;:&#8220;col-md-12&#8243;,&#8220;animation&#8220;:&#8220;&#8220;,&#8220;animation_time&#8220;:&#8220;&#8220;,&#8220;timeline_animation&#8220;:&#8220;&#8220;,&#8220;timeline_delay&#8220;:&#8220;&#8220;,&#8220;timeline_order&#8220;:&#8220;&#8220;,&#8220;css_classes&#8220;:&#8220;&#8220;,&#8220;custom_css_classes&#8220;:&#8220;&#8220;,&#8220;custom_css_styles&#8220;:&#8220;&#8220;,&#8220;main_content&#8220;:[{&#8222;component&#8220;:&#8220;hc_space&#8220;,&#8220;id&#8220;:&#8220;c3qjQ&#8220;,&#8220;css_classes&#8220;:&#8220;&#8220;,&#8220;custom_css_classes&#8220;:&#8220;&#8220;,&#8220;custom_css_styles&#8220;:&#8220;&#8220;,&#8220;size&#8220;:&#8220;space&#8220;,&#8220;height&#8220;:&#8220;&#8220;},{&#8222;component&#8220;:&#8220;hc_title_tag&#8220;,&#8220;id&#8220;:&#8220;3FM0T&#8220;,&#8220;css_classes&#8220;:&#8220;&#8220;,&#8220;custom_css_classes&#8220;:&#8220;&#8220;,&#8220;custom_css_styles&#8220;:&#8220;&#8220;,&#8220;text&#8220;:&#8220;\u00d6FFNUNGSZEITEN&#8220;,&#8220;tag&#8220;:&#8220;h2&#8243;},{&#8222;component&#8220;:&#8220;hc_text_block&#8220;,&#8220;id&#8220;:&#8220;hMBGr&#8220;,&#8220;css_classes&#8220;:&#8220;&#8220;,&#8220;custom_css_classes&#8220;:&#8220;&#8220;,&#8220;custom_css_styles&#8220;:&#8220;&#8220;,&#8220;content&#8220;:&#8220;Ge\u00f6ffnet von Juni bis Anfang Oktober\\nT\u00e4glich von 7.00 \u2013 22.00 Uhr &#8222;},{&#8222;component&#8220;:&#8220;hc_space&#8220;,&#8220;id&#8220;:&#8220;XvYvc&#8220;,&#8220;css_classes&#8220;:&#8220;&#8220;,&#8220;custom_css_classes&#8220;:&#8220;&#8220;,&#8220;custom_css_styles&#8220;:&#8220;&#8220;,&#8220;size&#8220;:&#8220;space&#8220;,&#8220;height&#8220;:&#8220;&#8220;},{&#8222;component&#8220;:&#8220;hc_title_tag&#8220;,&#8220;id&#8220;:&#8220;vszSg&#8220;,&#8220;css_classes&#8220;:&#8220;&#8220;,&#8220;custom_css_classes&#8220;:&#8220;&#8220;,&#8220;custom_css_styles&#8220;:&#8220;&#8220;,&#8220;text&#8220;:&#8220;ANFAHRT&#8220;,&#8220;tag&#8220;:&#8220;h2&#8243;},{&#8222;component&#8220;:&#8220;hc_space&#8220;,&#8220;id&#8220;:&#8220;UT7OY&#8220;,&#8220;css_classes&#8220;:&#8220;&#8220;,&#8220;custom_css_classes&#8220;:&#8220;&#8220;,&#8220;custom_css_styles&#8220;:&#8220;&#8220;,&#8220;size&#8220;:&#8220;space-sm&#8220;,&#8220;height&#8220;:&#8220;&#8220;},{&#8222;component&#8220;:&#8220;hc_title_tag&#8220;,&#8220;id&#8220;:&#8220;UkAjq&#8220;,&#8220;css_classes&#8220;:&#8220;&#8220;,&#8220;custom_css_classes&#8220;:&#8220;&#8220;,&#8220;custom_css_styles&#8220;:&#8220;&#8220;,&#8220;text&#8220;:&#8220;Von S\u00fcdtiroler Seite:&#8220;,&#8220;tag&#8220;:&#8220;h3&#8243;},{&#8222;component&#8220;:&#8220;hc_text_block&#8220;,&#8220;id&#8220;:&#8220;RcuDw&#8220;,&#8220;css_classes&#8220;:&#8220;&#8220;,&#8220;custom_css_classes&#8220;:&#8220;&#8220;,&#8220;custom_css_styles&#8220;:&#8220;&#8220;,&#8220;content&#8220;:&#8220;\u00dcber die Brennerautobahn A22 bis zur Autobahnausfahrt Sterzing, von dort ins Pfitschtal bis nach St. Jakob in Pfitsch, weiter nach Stein auf die Pfitscherjochstra\u00dfe (12 km Bergstra\u00dfe \u2013 nicht [&hellip;]<\/p>\n","protected":false},"author":1,"featured_media":0,"parent":0,"menu_order":6,"comment_status":"closed","ping_status":"closed","template":"","meta":[],"_links":{"self":[{"href":"https:\/\/www.pfitscherjochhaus.com\/de\/wp-json\/wp\/v2\/pages\/21"}],"collection":[{"href":"https:\/\/www.pfitscherjochhaus.com\/de\/wp-json\/wp\/v2\/pages"}],"about":[{"href":"https:\/\/www.pfitscherjochhaus.com\/de\/wp-json\/wp\/v2\/types\/page"}],"author":[{"embeddable":true,"href":"https:\/\/www.pfitscherjochhaus.com\/de\/wp-json\/wp\/v2\/users\/1"}],"replies":[{"embeddable":true,"href":"https:\/\/www.pfitscherjochhaus.com\/de\/wp-json\/wp\/v2\/comments?post=21"}],"version-history":[{"count":5,"href":"https:\/\/www.pfitscherjochhaus.com\/de\/wp-json\/wp\/v2\/pages\/21\/revisions"}],"predecessor-version":[{"id":526,"href":"https:\/\/www.pfitscherjochhaus.com\/de\/wp-json\/wp\/v2\/pages\/21\/revisions\/526"}],"wp:attachment":[{"href":"https:\/\/www.pfitscherjochhaus.com\/de\/wp-json\/wp\/v2\/media?parent=21"}],"curies":[{"name":"wp","href":"https:\/\/api.w.org\/{rel}","templated":true}]}}