{"id":24,"date":"2020-08-18T16:24:51","date_gmt":"2020-08-18T14:24:51","guid":{"rendered":"https:\/\/www.pfitscherjochhaus.com\/de\/?page_id=24"},"modified":"2025-01-02T18:20:47","modified_gmt":"2025-01-02T17:20:47","slug":"impressum","status":"publish","type":"page","link":"https:\/\/www.pfitscherjochhaus.com\/de\/impressum\/","title":{"rendered":"Impressum &#038; Privacy"},"content":{"rendered":"<p>{&#8222;main-title&#8220;:{&#8222;component&#8220;:&#8220;hc_title&#8220;,&#8220;id&#8220;:&#8220;main-title&#8220;,&#8220;title&#8220;:&#8220;&#8220;,&#8220;subtitle&#8220;:&#8220;&#8220;,&#8220;title_content&#8220;:{&#8222;component&#8220;:&#8220;hc_title_image&#8220;,&#8220;id&#8220;:&#8220;title-image&#8220;,&#8220;image&#8220;:&#8220;https:\/\/www.pfitscherjochhaus.com\/de\/wp-content\/uploads\/sites\/2\/2020\/08\/home_touren-1024&#215;576.jpg|1080|1920|214&#8243;,&#8220;full_screen&#8220;:false,&#8220;full_screen_height&#8220;:&#8220;&#8220;,&#8220;parallax&#8220;:true,&#8220;bleed&#8220;:&#8220;&#8220;,&#8220;ken_burn&#8220;:&#8220;ken-burn-center&#8220;,&#8220;breadcrumbs&#8220;:false,&#8220;light&#8220;:true,&#8220;alignment&#8220;:&#8220;&#8220;}},&#8220;section_5ZtkF&#8220;:{&#8222;component&#8220;:&#8220;hc_section&#8220;,&#8220;id&#8220;:&#8220;section_5ZtkF&#8220;,&#8220;section_width&#8220;:&#8220;&#8220;,&#8220;animation&#8220;:&#8220;&#8220;,&#8220;animation_time&#8220;:&#8220;&#8220;,&#8220;timeline_animation&#8220;:&#8220;&#8220;,&#8220;timeline_delay&#8220;:&#8220;&#8220;,&#8220;timeline_order&#8220;:&#8220;&#8220;,&#8220;vertical_row&#8220;:&#8220;&#8220;,&#8220;css_classes&#8220;:&#8220;&#8220;,&#8220;custom_css_classes&#8220;:&#8220;&#8220;,&#8220;custom_css_styles&#8220;:&#8220;&#8220;,&#8220;section_content&#8220;:[{&#8222;component&#8220;:&#8220;hc_column&#8220;,&#8220;id&#8220;:&#8220;column_m4JqM&#8220;,&#8220;column_width&#8220;:&#8220;col-md-3&#8243;,&#8220;animation&#8220;:&#8220;&#8220;,&#8220;animation_time&#8220;:&#8220;&#8220;,&#8220;timeline_animation&#8220;:&#8220;&#8220;,&#8220;timeline_delay&#8220;:&#8220;&#8220;,&#8220;timeline_order&#8220;:&#8220;&#8220;,&#8220;css_classes&#8220;:&#8220;&#8220;,&#8220;custom_css_classes&#8220;:&#8220;&#8220;,&#8220;custom_css_styles&#8220;:&#8220;&#8220;,&#8220;main_content&#8220;:[{&#8222;component&#8220;:&#8220;hc_space&#8220;,&#8220;id&#8220;:&#8220;E9I1g&#8220;,&#8220;css_classes&#8220;:&#8220;&#8220;,&#8220;custom_css_classes&#8220;:&#8220;&#8220;,&#8220;custom_css_styles&#8220;:&#8220;&#8220;,&#8220;size&#8220;:&#8220;space-sm&#8220;,&#8220;height&#8220;:&#8220;35&#8243;},{&#8222;component&#8220;:&#8220;hc_image&#8220;,&#8220;id&#8220;:&#8220;S4rjt&#8220;,&#8220;css_classes&#8220;:&#8220;&#8220;,&#8220;custom_css_classes&#8220;:&#8220;&#8220;,&#8220;custom_css_styles&#8220;:&#8220;&#8220;,&#8220;image&#8220;:&#8220;https:\/\/www.pfitscherjochhaus.com\/de\/wp-content\/uploads\/sites\/2\/2020\/08\/logo_500_blue_black.svg|||162&#8243;,&#8220;alt&#8220;:&#8220;&#8220;,&#8220;thumb_size&#8220;:&#8220;full&#8220;}]},{&#8222;component&#8220;:&#8220;hc_column&#8220;,&#8220;id&#8220;:&#8220;column_YtTNh&#8220;,&#8220;column_width&#8220;:&#8220;col-md-3&#8243;,&#8220;animation&#8220;:&#8220;&#8220;,&#8220;animation_time&#8220;:&#8220;&#8220;,&#8220;timeline_animation&#8220;:&#8220;&#8220;,&#8220;timeline_delay&#8220;:&#8220;&#8220;,&#8220;timeline_order&#8220;:&#8220;&#8220;,&#8220;css_classes&#8220;:&#8220;&#8220;,&#8220;custom_css_classes&#8220;:&#8220;&#8220;,&#8220;custom_css_styles&#8220;:&#8220;&#8220;,&#8220;main_content&#8220;:[{&#8222;component&#8220;:&#8220;hc_title_tag&#8220;,&#8220;id&#8220;:&#8220;7XNvP&#8220;,&#8220;css_classes&#8220;:&#8220;&#8220;,&#8220;custom_css_classes&#8220;:&#8220;&#8220;,&#8220;custom_css_styles&#8220;:&#8220;&#8220;,&#8220;text&#8220;:&#8220;Inhaltlich Verantwortlicher&#8220;,&#8220;tag&#8220;:&#8220;h2&#8243;},{&#8222;component&#8220;:&#8220;hc_text_block&#8220;,&#8220;id&#8220;:&#8220;6KwBL&#8220;,&#8220;css_classes&#8220;:&#8220;&#8220;,&#8220;custom_css_classes&#8220;:&#8220;&#8220;,&#8220;custom_css_styles&#8220;:&#8220;&#8220;,&#8220;content&#8220;:&#8220;<\/p>\n<p><strong>Gasthof Knappenhof<\/strong>\\ndes Volgger Alois &#038; Co. KG\\nSt. Jakob 12\\nI-39049 Pfitsch (BZ)\\nItalien<\/p>\n<p>\\n\\t\\t <\/p>\n<p>Tel: +39 0472 630119<\/p>\n<p>\\n\\t\\t<\/p>\n<p><a href=\\\"m&#97;&#x69;&#x6c;&#x74;o&#58;&#x6f;&#x66;&#x66;i&#99;&#x65;&#x40;&#x70;f&#105;&#x74;&#x73;&#x63;h&#101;&#x72;&#x6a;&#x6f;c&#104;&#x68;&#x61;&#x75;s&#46;&#x63;&#x6f;&#x6d;\\\" class=\\\"\\\">&#x6f;&#x66;&#102;i&#x63;&#x65;&#64;pf&#x69;&#x74;&#115;c&#x68;&#x65;&#114;&#106;o&#x63;&#x68;&#104;a&#x75;&#x73;&#46;&#99;o&#x6d;<\/a>\\n\\t\\t<a href=\\\"https:\/\/www.pfitscherjochhaus.com\\\">www.pfitscherjochhaus.com<\/a>\\t    <\/p>\n<p>\\n\\t\\t<\/p>\n<p>Steuernummer:\\n\\t\\t\\t01715730212\\n\\t\\t\\tMehrwertsteuernummer:\\n\\t\\t\\tIT01715730212<\/p>\n<p>\\n\\t\\t<\/p>\n<p>Vertretungsberechtigte:\\n\\t\\t\\tMichael Volgger und Thomas Volgger<\/p>\n<p>\\n\\t\\t<\/p>\n<p>Eingetragen im Firmen-Register der Handelkammer Bozen unter der Nr. 01715730212.<\/p>\n<p>\\n<\/p>\n<p>Codice del locatore (CIN):\\nCIN IT021107A1DWB5D56U.<\/p>\n<p>&#8222;}]},{&#8222;component&#8220;:&#8220;hc_column&#8220;,&#8220;id&#8220;:&#8220;column_znRd9&#8243;,&#8220;column_width&#8220;:&#8220;col-md-3&#8243;,&#8220;animation&#8220;:&#8220;&#8220;,&#8220;animation_time&#8220;:&#8220;&#8220;,&#8220;timeline_animation&#8220;:&#8220;&#8220;,&#8220;timeline_delay&#8220;:&#8220;&#8220;,&#8220;timeline_order&#8220;:&#8220;&#8220;,&#8220;css_classes&#8220;:&#8220;&#8220;,&#8220;custom_css_classes&#8220;:&#8220;&#8220;,&#8220;custom_css_styles&#8220;:&#8220;&#8220;,&#8220;main_content&#8220;:[{&#8222;component&#8220;:&#8220;hc_image&#8220;,&#8220;id&#8220;:&#8220;sf-logo&#8220;,&#8220;css_classes&#8220;:&#8220;&#8220;,&#8220;custom_css_classes&#8220;:&#8220;&#8220;,&#8220;custom_css_styles&#8220;:&#8220;&#8220;,&#8220;image&#8220;:&#8220;https:\/\/www.pfitscherjochhaus.com\/de\/wp-content\/uploads\/sites\/2\/2023\/11\/logo_final.png|300|760|478&#8243;,&#8220;alt&#8220;:&#8220;&#8220;,&#8220;thumb_size&#8220;:&#8220;full&#8220;}]},{&#8222;component&#8220;:&#8220;hc_column&#8220;,&#8220;id&#8220;:&#8220;column_IlPBg&#8220;,&#8220;column_width&#8220;:&#8220;col-md-3&#8243;,&#8220;animation&#8220;:&#8220;&#8220;,&#8220;animation_time&#8220;:&#8220;&#8220;,&#8220;timeline_animation&#8220;:&#8220;&#8220;,&#8220;timeline_delay&#8220;:&#8220;&#8220;,&#8220;timeline_order&#8220;:&#8220;&#8220;,&#8220;css_classes&#8220;:&#8220;&#8220;,&#8220;custom_css_classes&#8220;:&#8220;&#8220;,&#8220;custom_css_styles&#8220;:&#8220;&#8220;,&#8220;main_content&#8220;:[{&#8222;component&#8220;:&#8220;hc_title_tag&#8220;,&#8220;id&#8220;:&#8220;uAfxK&#8220;,&#8220;css_classes&#8220;:&#8220;&#8220;,&#8220;custom_css_classes&#8220;:&#8220;&#8220;,&#8220;custom_css_styles&#8220;:&#8220;&#8220;,&#8220;text&#8220;:&#8220;Konzept, Web-Design, Programmierung und Hosting&#8220;,&#8220;tag&#8220;:&#8220;h2&#8243;},{&#8222;component&#8220;:&#8220;hc_text_block&#8220;,&#8220;id&#8220;:&#8220;6GIhc&#8220;,&#8220;css_classes&#8220;:&#8220;&#8220;,&#8220;custom_css_classes&#8220;:&#8220;&#8220;,&#8220;custom_css_styles&#8220;:&#8220;&#8220;,&#8220;content&#8220;:&#8220;<\/p>\n<p><strong>Safog.com<\/strong>\\n\\t\\t\\t\\tAlbuingasse 7\\n\\t\\t\\t\\tI-39042 Brixen (BZ)\\n\\t\\t\\t Italien <\/p>\n<p>\\n\\t\\t\\t<\/p>\n<p>Tel. <a href=\\\"tel:00390472518542\\\">+39 0472 51 85 42<\/a>\\n\\t\\t\\t Fax +39 0472 51 85 42<\/p>\n<p>\\n\\t\\t\\t<\/p>\n<p><a href=\\\"&#x6d;&#x61;&#x69;&#x6c;&#x74;&#111;&#58;&#105;&#110;fo&#64;&#x73;&#x61;&#x66;&#x6f;&#x67;&#x2e;&#99;&#111;&#109;\\\" class=\\\"\\\">&#x69;n&#x66;&#111;&#x40;&#115;a&#x66;&#111;&#x67;&#46;c&#x6f;&#109;<\/a>\\n\\t\\t\\t<a href=\\\"https:\/\/www.safog.com\\\">www.safog.com<\/a>\\n\\t\\t\\t <\/p>\n<p>&#8222;}]}],&#8220;section_settings&#8220;:&#8220;&#8220;},&#8220;section_0SeoK&#8220;:{&#8222;component&#8220;:&#8220;hc_section&#8220;,&#8220;id&#8220;:&#8220;section_0SeoK&#8220;,&#8220;section_width&#8220;:&#8220;&#8220;,&#8220;animation&#8220;:&#8220;&#8220;,&#8220;animation_time&#8220;:&#8220;&#8220;,&#8220;timeline_animation&#8220;:&#8220;&#8220;,&#8220;timeline_delay&#8220;:&#8220;&#8220;,&#8220;timeline_order&#8220;:&#8220;&#8220;,&#8220;vertical_row&#8220;:&#8220;&#8220;,&#8220;css_classes&#8220;:&#8220;no-padding-top &#8222;,&#8220;custom_css_classes&#8220;:&#8220;&#8220;,&#8220;custom_css_styles&#8220;:&#8220;&#8220;,&#8220;section_content&#8220;:[{&#8222;component&#8220;:&#8220;hc_column&#8220;,&#8220;id&#8220;:&#8220;column_GmEyg&#8220;,&#8220;column_width&#8220;:&#8220;col-md-12&#8243;,&#8220;animation&#8220;:&#8220;&#8220;,&#8220;animation_time&#8220;:&#8220;&#8220;,&#8220;timeline_animation&#8220;:&#8220;&#8220;,&#8220;timeline_delay&#8220;:&#8220;&#8220;,&#8220;timeline_order&#8220;:&#8220;&#8220;,&#8220;css_classes&#8220;:&#8220;&#8220;,&#8220;custom_css_classes&#8220;:&#8220;&#8220;,&#8220;custom_css_styles&#8220;:&#8220;&#8220;,&#8220;main_content&#8220;:[{&#8222;component&#8220;:&#8220;hc_title_tag&#8220;,&#8220;id&#8220;:&#8220;ZSZjJ&#8220;,&#8220;css_classes&#8220;:&#8220;&#8220;,&#8220;custom_css_classes&#8220;:&#8220;&#8220;,&#8220;custom_css_styles&#8220;:&#8220;&#8220;,&#8220;text&#8220;:&#8220;Bilder&#8220;,&#8220;tag&#8220;:&#8220;h2&#8243;},{&#8222;component&#8220;:&#8220;hc_text_block&#8220;,&#8220;id&#8220;:&#8220;3jrCQ&#8220;,&#8220;css_classes&#8220;:&#8220;&#8220;,&#8220;custom_css_classes&#8220;:&#8220;&#8220;,&#8220;custom_css_styles&#8220;:&#8220;&#8220;,&#8220;content&#8220;:&#8220;<a href=\\\"https:\/\/www.pfitscherjochhaus.com\\\" target=\\\"_blank\\\">Pfitscherjoch-Haus<\/a>&#8222;},{&#8222;component&#8220;:&#8220;hc_space&#8220;,&#8220;id&#8220;:&#8220;60vPT&#8220;,&#8220;css_classes&#8220;:&#8220;&#8220;,&#8220;custom_css_classes&#8220;:&#8220;&#8220;,&#8220;custom_css_styles&#8220;:&#8220;&#8220;,&#8220;size&#8220;:&#8220;space&#8220;,&#8220;height&#8220;:&#8220;&#8220;},{&#8222;component&#8220;:&#8220;hc_title_tag&#8220;,&#8220;id&#8220;:&#8220;nua8y&#8220;,&#8220;css_classes&#8220;:&#8220;&#8220;,&#8220;custom_css_classes&#8220;:&#8220;&#8220;,&#8220;custom_css_styles&#8220;:&#8220;&#8220;,&#8220;text&#8220;:&#8220;Haftungshinweis&#8220;,&#8220;tag&#8220;:&#8220;h2&#8243;},{&#8222;component&#8220;:&#8220;hc_text_block&#8220;,&#8220;id&#8220;:&#8220;mYBLn&#8220;,&#8220;css_classes&#8220;:&#8220;&#8220;,&#8220;custom_css_classes&#8220;:&#8220;&#8220;,&#8220;custom_css_styles&#8220;:&#8220;&#8220;,&#8220;content&#8220;:&#8220;Trotz sorgf\u00e4ltiger inhaltlicher Kontrolle \u00fcbernehmen wir keine Haftung f\u00fcr die Inhalte externer Links. F\u00fcr den Inhalt der verlinkten Seiten sind ausschlie\u00dflich deren Betreiber verantwortlich.&#8220;},{&#8222;component&#8220;:&#8220;hc_space&#8220;,&#8220;id&#8220;:&#8220;D3e3V&#8220;,&#8220;css_classes&#8220;:&#8220;&#8220;,&#8220;custom_css_classes&#8220;:&#8220;&#8220;,&#8220;custom_css_styles&#8220;:&#8220;&#8220;,&#8220;size&#8220;:&#8220;space&#8220;,&#8220;height&#8220;:&#8220;&#8220;},{&#8222;component&#8220;:&#8220;hc_title_tag&#8220;,&#8220;id&#8220;:&#8220;J5kcD&#8220;,&#8220;css_classes&#8220;:&#8220;&#8220;,&#8220;custom_css_classes&#8220;:&#8220;&#8220;,&#8220;custom_css_styles&#8220;:&#8220;&#8220;,&#8220;text&#8220;:&#8220;Datenschutz\/Privacy&#8220;,&#8220;tag&#8220;:&#8220;h2&#8243;},{&#8222;component&#8220;:&#8220;hc_text_block&#8220;,&#8220;id&#8220;:&#8220;Vldjg&#8220;,&#8220;css_classes&#8220;:&#8220;&#8220;,&#8220;custom_css_classes&#8220;:&#8220;&#8220;,&#8220;custom_css_styles&#8220;:&#8220;&#8220;,&#8220;content&#8220;:&#8220;Lesen Sie hier die <a href=\"https:\/\/www.safog.com\/privacy\/privacy.php?id=000904830462&lang=de\" class=\"\" target=\"_self\" onclick=\"ShowWindow( this.href, 'Datenschutz', 'width=600, height=500, scrollbars=yes' ); return false\">Datenschutzbestimmungen<\/a> dieser Website.&#8220;},{&#8222;component&#8220;:&#8220;hc_space&#8220;,&#8220;id&#8220;:&#8220;6qeMd&#8220;,&#8220;css_classes&#8220;:&#8220;&#8220;,&#8220;custom_css_classes&#8220;:&#8220;&#8220;,&#8220;custom_css_styles&#8220;:&#8220;&#8220;,&#8220;size&#8220;:&#8220;space&#8220;,&#8220;height&#8220;:&#8220;&#8220;},{&#8222;component&#8220;:&#8220;hc_title_tag&#8220;,&#8220;id&#8220;:&#8220;Fg9TI&#8220;,&#8220;css_classes&#8220;:&#8220;&#8220;,&#8220;custom_css_classes&#8220;:&#8220;&#8220;,&#8220;custom_css_styles&#8220;:&#8220;&#8220;,&#8220;text&#8220;:&#8220;Copyright&#8220;,&#8220;tag&#8220;:&#8220;h2&#8243;},{&#8222;component&#8220;:&#8220;hc_text_block&#8220;,&#8220;id&#8220;:&#8220;5NCOl&#8220;,&#8220;css_classes&#8220;:&#8220;&#8220;,&#8220;custom_css_classes&#8220;:&#8220;&#8220;,&#8220;custom_css_styles&#8220;:&#8220;&#8220;,&#8220;content&#8220;:&#8220;Die auf diesen Websites enthaltenen Texte, Bilder, Scripts und anderen Inhalte sind urheberrechtlich gesch\u00fctzt und d\u00fcrfen ohne vorherige Zustimmung weder ganz noch teilweise vervielf\u00e4ltigt, weitergegeben, verbreitet oder gespeichert werden. &#8222;}]}],&#8220;section_settings&#8220;:&#8220;&#8220;},&#8220;scripts&#8220;:{&#8222;parallax&#8220;:&#8220;parallax.min.js&#8220;},&#8220;css&#8220;:{},&#8220;css_page&#8220;:&#8220;&#8220;,&#8220;template_setting&#8220;:{},&#8220;template_setting_top&#8220;:{},&#8220;page_setting&#8220;:{&#8222;settings&#8220;:[&#8222;lock-mode-off&#8220;]}}<\/p>","protected":false},"excerpt":{"rendered":"<p>{&#8222;main-title&#8220;:{&#8222;component&#8220;:&#8220;hc_title&#8220;,&#8220;id&#8220;:&#8220;main-title&#8220;,&#8220;title&#8220;:&#8220;&#8220;,&#8220;subtitle&#8220;:&#8220;&#8220;,&#8220;title_content&#8220;:{&#8222;component&#8220;:&#8220;hc_title_image&#8220;,&#8220;id&#8220;:&#8220;title-image&#8220;,&#8220;image&#8220;:&#8220;https:\/\/www.pfitscherjochhaus.com\/de\/wp-content\/uploads\/sites\/2\/2020\/08\/home_touren-1024&#215;576.jpg|1080|1920|214&#8243;,&#8220;full_screen&#8220;:false,&#8220;full_screen_height&#8220;:&#8220;&#8220;,&#8220;parallax&#8220;:true,&#8220;bleed&#8220;:&#8220;&#8220;,&#8220;ken_burn&#8220;:&#8220;ken-burn-center&#8220;,&#8220;breadcrumbs&#8220;:false,&#8220;light&#8220;:true,&#8220;alignment&#8220;:&#8220;&#8220;}},&#8220;section_5ZtkF&#8220;:{&#8222;component&#8220;:&#8220;hc_section&#8220;,&#8220;id&#8220;:&#8220;section_5ZtkF&#8220;,&#8220;section_width&#8220;:&#8220;&#8220;,&#8220;animation&#8220;:&#8220;&#8220;,&#8220;animation_time&#8220;:&#8220;&#8220;,&#8220;timeline_animation&#8220;:&#8220;&#8220;,&#8220;timeline_delay&#8220;:&#8220;&#8220;,&#8220;timeline_order&#8220;:&#8220;&#8220;,&#8220;vertical_row&#8220;:&#8220;&#8220;,&#8220;css_classes&#8220;:&#8220;&#8220;,&#8220;custom_css_classes&#8220;:&#8220;&#8220;,&#8220;custom_css_styles&#8220;:&#8220;&#8220;,&#8220;section_content&#8220;:[{&#8222;component&#8220;:&#8220;hc_column&#8220;,&#8220;id&#8220;:&#8220;column_m4JqM&#8220;,&#8220;column_width&#8220;:&#8220;col-md-3&#8243;,&#8220;animation&#8220;:&#8220;&#8220;,&#8220;animation_time&#8220;:&#8220;&#8220;,&#8220;timeline_animation&#8220;:&#8220;&#8220;,&#8220;timeline_delay&#8220;:&#8220;&#8220;,&#8220;timeline_order&#8220;:&#8220;&#8220;,&#8220;css_classes&#8220;:&#8220;&#8220;,&#8220;custom_css_classes&#8220;:&#8220;&#8220;,&#8220;custom_css_styles&#8220;:&#8220;&#8220;,&#8220;main_content&#8220;:[{&#8222;component&#8220;:&#8220;hc_space&#8220;,&#8220;id&#8220;:&#8220;E9I1g&#8220;,&#8220;css_classes&#8220;:&#8220;&#8220;,&#8220;custom_css_classes&#8220;:&#8220;&#8220;,&#8220;custom_css_styles&#8220;:&#8220;&#8220;,&#8220;size&#8220;:&#8220;space-sm&#8220;,&#8220;height&#8220;:&#8220;35&#8243;},{&#8222;component&#8220;:&#8220;hc_image&#8220;,&#8220;id&#8220;:&#8220;S4rjt&#8220;,&#8220;css_classes&#8220;:&#8220;&#8220;,&#8220;custom_css_classes&#8220;:&#8220;&#8220;,&#8220;custom_css_styles&#8220;:&#8220;&#8220;,&#8220;image&#8220;:&#8220;https:\/\/www.pfitscherjochhaus.com\/de\/wp-content\/uploads\/sites\/2\/2020\/08\/logo_500_blue_black.svg|||162&#8243;,&#8220;alt&#8220;:&#8220;&#8220;,&#8220;thumb_size&#8220;:&#8220;full&#8220;}]},{&#8222;component&#8220;:&#8220;hc_column&#8220;,&#8220;id&#8220;:&#8220;column_YtTNh&#8220;,&#8220;column_width&#8220;:&#8220;col-md-3&#8243;,&#8220;animation&#8220;:&#8220;&#8220;,&#8220;animation_time&#8220;:&#8220;&#8220;,&#8220;timeline_animation&#8220;:&#8220;&#8220;,&#8220;timeline_delay&#8220;:&#8220;&#8220;,&#8220;timeline_order&#8220;:&#8220;&#8220;,&#8220;css_classes&#8220;:&#8220;&#8220;,&#8220;custom_css_classes&#8220;:&#8220;&#8220;,&#8220;custom_css_styles&#8220;:&#8220;&#8220;,&#8220;main_content&#8220;:[{&#8222;component&#8220;:&#8220;hc_title_tag&#8220;,&#8220;id&#8220;:&#8220;7XNvP&#8220;,&#8220;css_classes&#8220;:&#8220;&#8220;,&#8220;custom_css_classes&#8220;:&#8220;&#8220;,&#8220;custom_css_styles&#8220;:&#8220;&#8220;,&#8220;text&#8220;:&#8220;Inhaltlich Verantwortlicher&#8220;,&#8220;tag&#8220;:&#8220;h2&#8243;},{&#8222;component&#8220;:&#8220;hc_text_block&#8220;,&#8220;id&#8220;:&#8220;6KwBL&#8220;,&#8220;css_classes&#8220;:&#8220;&#8220;,&#8220;custom_css_classes&#8220;:&#8220;&#8220;,&#8220;custom_css_styles&#8220;:&#8220;&#8220;,&#8220;content&#8220;:&#8220; Gasthof Knappenhof\\ndes Volgger Alois &#038; Co. KG\\nSt. Jakob 12\\nI-39049 Pfitsch (BZ)\\nItalien \\n\\t\\t Tel: +39 0472 630119 \\n\\t\\t &#x6f;&#x66;&#x66;&#x69;&#x63;&#x65;&#64;&#112;&#102;&#105;tsch&#x65;&#x72;&#x6a;&#x6f;&#x63;&#x68;&#104;&#97;&#117;&#115;&#46;com\\n\\t\\twww.pfitscherjochhaus.com\\t \\n\\t\\t Steuernummer:\\n\\t\\t\\t01715730212\\n\\t\\t\\tMehrwertsteuernummer:\\n\\t\\t\\tIT01715730212 \\n\\t\\t Vertretungsberechtigte:\\n\\t\\t\\tMichael Volgger und Thomas Volgger \\n\\t\\t Eingetragen im Firmen-Register der Handelkammer Bozen unter der Nr. 01715730212. \\n Codice del locatore (CIN):\\nCIN IT021107A1DWB5D56U. &#8222;}]},{&#8222;component&#8220;:&#8220;hc_column&#8220;,&#8220;id&#8220;:&#8220;column_znRd9&#8243;,&#8220;column_width&#8220;:&#8220;col-md-3&#8243;,&#8220;animation&#8220;:&#8220;&#8220;,&#8220;animation_time&#8220;:&#8220;&#8220;,&#8220;timeline_animation&#8220;:&#8220;&#8220;,&#8220;timeline_delay&#8220;:&#8220;&#8220;,&#8220;timeline_order&#8220;:&#8220;&#8220;,&#8220;css_classes&#8220;:&#8220;&#8220;,&#8220;custom_css_classes&#8220;:&#8220;&#8220;,&#8220;custom_css_styles&#8220;:&#8220;&#8220;,&#8220;main_content&#8220;:[{&#8222;component&#8220;:&#8220;hc_image&#8220;,&#8220;id&#8220;:&#8220;sf-logo&#8220;,&#8220;css_classes&#8220;:&#8220;&#8220;,&#8220;custom_css_classes&#8220;:&#8220;&#8220;,&#8220;custom_css_styles&#8220;:&#8220;&#8220;,&#8220;image&#8220;:&#8220;https:\/\/www.pfitscherjochhaus.com\/de\/wp-content\/uploads\/sites\/2\/2023\/11\/logo_final.png|300|760|478&#8243;,&#8220;alt&#8220;:&#8220;&#8220;,&#8220;thumb_size&#8220;:&#8220;full&#8220;}]},{&#8222;component&#8220;:&#8220;hc_column&#8220;,&#8220;id&#8220;:&#8220;column_IlPBg&#8220;,&#8220;column_width&#8220;:&#8220;col-md-3&#8243;,&#8220;animation&#8220;:&#8220;&#8220;,&#8220;animation_time&#8220;:&#8220;&#8220;,&#8220;timeline_animation&#8220;:&#8220;&#8220;,&#8220;timeline_delay&#8220;:&#8220;&#8220;,&#8220;timeline_order&#8220;:&#8220;&#8220;,&#8220;css_classes&#8220;:&#8220;&#8220;,&#8220;custom_css_classes&#8220;:&#8220;&#8220;,&#8220;custom_css_styles&#8220;:&#8220;&#8220;,&#8220;main_content&#8220;:[{&#8222;component&#8220;:&#8220;hc_title_tag&#8220;,&#8220;id&#8220;:&#8220;uAfxK&#8220;,&#8220;css_classes&#8220;:&#8220;&#8220;,&#8220;custom_css_classes&#8220;:&#8220;&#8220;,&#8220;custom_css_styles&#8220;:&#8220;&#8220;,&#8220;text&#8220;:&#8220;Konzept, Web-Design, Programmierung und Hosting&#8220;,&#8220;tag&#8220;:&#8220;h2&#8243;},{&#8222;component&#8220;:&#8220;hc_text_block&#8220;,&#8220;id&#8220;:&#8220;6GIhc&#8220;,&#8220;css_classes&#8220;:&#8220;&#8220;,&#8220;custom_css_classes&#8220;:&#8220;&#8220;,&#8220;custom_css_styles&#8220;:&#8220;&#8220;,&#8220;content&#8220;:&#8220; Safog.com\\n\\t\\t\\t\\tAlbuingasse 7\\n\\t\\t\\t\\tI-39042 Brixen (BZ)\\n\\t\\t\\t Italien [&hellip;]<\/p>\n","protected":false},"author":1,"featured_media":0,"parent":0,"menu_order":7,"comment_status":"closed","ping_status":"closed","template":"","meta":[],"_links":{"self":[{"href":"https:\/\/www.pfitscherjochhaus.com\/de\/wp-json\/wp\/v2\/pages\/24"}],"collection":[{"href":"https:\/\/www.pfitscherjochhaus.com\/de\/wp-json\/wp\/v2\/pages"}],"about":[{"href":"https:\/\/www.pfitscherjochhaus.com\/de\/wp-json\/wp\/v2\/types\/page"}],"author":[{"embeddable":true,"href":"https:\/\/www.pfitscherjochhaus.com\/de\/wp-json\/wp\/v2\/users\/1"}],"replies":[{"embeddable":true,"href":"https:\/\/www.pfitscherjochhaus.com\/de\/wp-json\/wp\/v2\/comments?post=24"}],"version-history":[{"count":5,"href":"https:\/\/www.pfitscherjochhaus.com\/de\/wp-json\/wp\/v2\/pages\/24\/revisions"}],"predecessor-version":[{"id":525,"href":"https:\/\/www.pfitscherjochhaus.com\/de\/wp-json\/wp\/v2\/pages\/24\/revisions\/525"}],"wp:attachment":[{"href":"https:\/\/www.pfitscherjochhaus.com\/de\/wp-json\/wp\/v2\/media?parent=24"}],"curies":[{"name":"wp","href":"https:\/\/api.w.org\/{rel}","templated":true}]}}